{"id":45,"date":"2025-06-11T10:29:40","date_gmt":"2025-06-11T08:29:40","guid":{"rendered":"https:\/\/empoweringformation.fr\/?page_id=45"},"modified":"2025-07-01T11:09:04","modified_gmt":"2025-07-01T09:09:04","slug":"comment-ca-se-passe","status":"publish","type":"page","link":"https:\/\/empoweringformation.fr\/index.php\/comment-ca-se-passe\/","title":{"rendered":"Oui votre usine est sp\u00e9ciale"},"content":{"rendered":"\n<figure class=\"wp-block-image size-large\"><img loading=\"lazy\" decoding=\"async\" width=\"1024\" height=\"570\" src=\"http:\/\/empoweringformation.fr\/wp-content\/uploads\/2025\/06\/protoform-usine-1024x570.jpg\" alt=\"\" class=\"wp-image-139\" srcset=\"https:\/\/empoweringformation.fr\/wp-content\/uploads\/2025\/06\/protoform-usine-1024x570.jpg 1024w, https:\/\/empoweringformation.fr\/wp-content\/uploads\/2025\/06\/protoform-usine-300x167.jpg 300w, https:\/\/empoweringformation.fr\/wp-content\/uploads\/2025\/06\/protoform-usine-768x428.jpg 768w, https:\/\/empoweringformation.fr\/wp-content\/uploads\/2025\/06\/protoform-usine-1536x855.jpg 1536w, https:\/\/empoweringformation.fr\/wp-content\/uploads\/2025\/06\/protoform-usine.jpg 1836w\" sizes=\"auto, (max-width: 1024px) 100vw, 1024px\" \/><\/figure>\n\n\n\n<p>La t\u00eate dans le guidon, vous avez oublier un truc:<\/p>\n\n\n\n<p>Vous avez surv\u00e9cu au Covid, au blocage de Suez, aux p\u00e9nuries de mat\u00e9riaux \u00e0 la sp\u00e9culation sur ces dits mat\u00e9riaux, au retour de la concurrence inhumaine sur le march\u00e9, aux acheteurs qui parlent de prix et nient la valeur de votre m\u00e9tier, aux difficult\u00e9s de recrutement, aux \u00e9tranges nouvelles taxes de gouvernements&nbsp; alli\u00e9s, et vous \u00eates encore debout, quand bien m\u00eame la France se d\u00e9sindustrialise.<\/p>\n\n\n\n<p>Le #MadeInFrance existe parce que vous \u00eates encore l\u00e0.<\/p>\n\n\n\n<p>R\u00e9silience, entreprenariat, courage, r\u00e9activit\u00e9, c\u2019\u00e9tait vous, pas de la chance, alors<\/p>\n\n\n\n<h1 class=\"wp-block-heading\"><strong>Bravo!<\/strong><\/h1>\n\n\n\n<p>Prenez 2 minuter pour appr\u00e9cier ce chemin parcouru.<\/p>\n\n\n\n<p>La place de dirigeant n\u2019est pas toujours confortable, on se sent parfois seul au sommet, Je le sais, mon fr\u00e8re a une usine d\u2019injection plastique et une vingtaine d\u2019employ\u00e9s, tout n\u2019est pas d\u00e9l\u00e9gable.<\/p>\n\n\n\n<p>Mais La formation, si.<\/p>\n\n\n\n<p>Rappelez-vous votre valeur, n\u2019allez pas diluer pas les comp\u00e9tences rares de vos collaborateurs, et choisissez des formations dignes de votre individualit\u00e9.<\/p>\n\n\n\n<p>\u00c7a ne coute pas plus cher. <\/p>\n\n\n\n<p>Au contraire : Formatrice ind\u00e9pendante je facture en forfait jour, pas au nombre d\u2019habilitation.<\/p>\n\n\n\n<p>Une formation dynamique, avec des exemples sp\u00e9cifiques \u00e0 votre secteur, qui valorisent l\u2019exp\u00e9rience de vos employ\u00e9s, qui les motivent \u00e0 s\u2019impliquer et les fid\u00e9lisent parce qu\u2019elle rend visible leur contribution et votre investissement dans leur s\u00e9curit\u00e9.&nbsp;<\/p>\n\n\n\n<div class=\"wp-block-group alignfull has-global-padding is-layout-constrained wp-block-group-is-layout-constrained\" style=\"padding-top:var(--wp--custom--spacing--small, 1.25rem);padding-bottom:var(--wp--custom--spacing--small, 1.25rem)\">\n<div class=\"wp-block-columns alignwide is-layout-flex wp-container-core-columns-is-layout-28f84493 wp-block-columns-is-layout-flex\">\n<div class=\"wp-block-column is-layout-flow wp-block-column-is-layout-flow\">\n<div class=\"wp-block-buttons is-layout-flex wp-block-buttons-is-layout-flex\">\n<div class=\"wp-block-button has-custom-width wp-block-button__width-100\"><a class=\"wp-block-button__link wp-element-button\" href=\"https:\/\/empoweringformation.fr\/index.php\/oui-votre-entreprise-est-speciale\/\">Oui votre usine est sp\u00e9ciale<\/a><\/div>\n<\/div>\n<\/div>\n\n\n\n<div class=\"wp-block-column is-layout-flow wp-block-column-is-layout-flow\">\n<div class=\"wp-block-buttons is-layout-flex wp-block-buttons-is-layout-flex\">\n<div class=\"wp-block-button has-custom-width wp-block-button__width-100\"><a class=\"wp-block-button__link wp-element-button\">\u00ab\u00a0Mais vous \u00eates qui, vous?\u00a0\u00bb<\/a><\/div>\n<\/div>\n<\/div>\n\n\n\n<div class=\"wp-block-column is-layout-flow wp-block-column-is-layout-flow\">\n<div class=\"wp-block-buttons is-layout-flex wp-block-buttons-is-layout-flex\">\n<div class=\"wp-block-button has-custom-width wp-block-button__width-100\"><a class=\"wp-block-button__link wp-element-button\">\u00ab\u00a0C\u2019est trop cher\u00a0\u00bb<\/a><\/div>\n<\/div>\n<\/div>\n<\/div>\n\n\n\n<div class=\"wp-block-columns alignwide is-layout-flex wp-container-core-columns-is-layout-28f84493 wp-block-columns-is-layout-flex\">\n<div class=\"wp-block-column is-layout-flow wp-block-column-is-layout-flow\">\n<div class=\"wp-block-buttons is-layout-flex wp-block-buttons-is-layout-flex\">\n<div class=\"wp-block-button has-custom-width wp-block-button__width-100\"><a class=\"wp-block-button__link wp-element-button\">\u00ab\u00a0Je n\u2019ai par le temps\u00a0\u00bb<\/a><\/div>\n<\/div>\n<\/div>\n\n\n\n<div class=\"wp-block-column is-layout-flow wp-block-column-is-layout-flow\">\n<div class=\"wp-block-buttons is-layout-flex wp-block-buttons-is-layout-flex\">\n<div class=\"wp-block-button has-custom-width wp-block-button__width-100\"><a class=\"wp-block-button__link wp-element-button\" href=\"https:\/\/empoweringformation.fr\/index.php\/comment-ca-se-passe\/nos-formations\/\">Liste des habilitations <\/a><\/div>\n<\/div>\n<\/div>\n\n\n\n<div class=\"wp-block-column is-layout-flow wp-block-column-is-layout-flow\">\n<div class=\"wp-block-buttons is-layout-flex wp-block-buttons-is-layout-flex\">\n<div class=\"wp-block-button has-custom-width wp-block-button__width-100\"><a class=\"wp-block-button__link wp-element-button\">Comment \u00e7a se passe?<\/a><\/div>\n<\/div>\n<\/div>\n<\/div>\n<\/div>\n","protected":false},"excerpt":{"rendered":"<p>La t\u00eate dans le guidon, vous avez oublier un truc: Vous avez surv\u00e9cu au Covid, au blocage de Suez, aux p\u00e9nuries de mat\u00e9riaux \u00e0 la sp\u00e9culation sur ces dits mat\u00e9riaux, au retour de la concurrence inhumaine sur le march\u00e9, aux acheteurs qui parlent de prix et nient la valeur de votre m\u00e9tier, aux difficult\u00e9s de [&hellip;]<\/p>\n","protected":false},"author":1,"featured_media":139,"parent":0,"menu_order":0,"comment_status":"closed","ping_status":"closed","template":"","meta":{"footnotes":""},"class_list":["post-45","page","type-page","status-publish","has-post-thumbnail","hentry"],"_links":{"self":[{"href":"https:\/\/empoweringformation.fr\/index.php\/wp-json\/wp\/v2\/pages\/45","targetHints":{"allow":["GET"]}}],"collection":[{"href":"https:\/\/empoweringformation.fr\/index.php\/wp-json\/wp\/v2\/pages"}],"about":[{"href":"https:\/\/empoweringformation.fr\/index.php\/wp-json\/wp\/v2\/types\/page"}],"author":[{"embeddable":true,"href":"https:\/\/empoweringformation.fr\/index.php\/wp-json\/wp\/v2\/users\/1"}],"replies":[{"embeddable":true,"href":"https:\/\/empoweringformation.fr\/index.php\/wp-json\/wp\/v2\/comments?post=45"}],"version-history":[{"count":12,"href":"https:\/\/empoweringformation.fr\/index.php\/wp-json\/wp\/v2\/pages\/45\/revisions"}],"predecessor-version":[{"id":340,"href":"https:\/\/empoweringformation.fr\/index.php\/wp-json\/wp\/v2\/pages\/45\/revisions\/340"}],"wp:featuredmedia":[{"embeddable":true,"href":"https:\/\/empoweringformation.fr\/index.php\/wp-json\/wp\/v2\/media\/139"}],"wp:attachment":[{"href":"https:\/\/empoweringformation.fr\/index.php\/wp-json\/wp\/v2\/media?parent=45"}],"curies":[{"name":"wp","href":"https:\/\/api.w.org\/{rel}","templated":true}]}}