{"id":32,"date":"2025-06-11T10:06:57","date_gmt":"2025-06-11T08:06:57","guid":{"rendered":"https:\/\/empoweringformation.fr\/?page_id=32"},"modified":"2025-06-26T18:55:19","modified_gmt":"2025-06-26T16:55:19","slug":"nos-formations","status":"publish","type":"page","link":"https:\/\/empoweringformation.fr\/","title":{"rendered":"Habilitations \u00e9lectriques"},"content":{"rendered":"\n<p>Vous prenez toujours le m\u00eame plat au restau? Parfois oui, c\u2019est pertinent et familier. Qu\u2019est-ce qui se passe si le chef a chang\u00e9, s\u2019il fait plus chaud que d\u2019habitude? Vous regarder le menu parce que \u00e7a n\u2019est pas un jour \u00ab\u00a0confit de canard\u00a0\u00bb?<\/p>\n\n\n\n<p>Votre fiche de poste aussi change, votre m\u00e9tier, vos machines. L\u2019habilitation que vous gardez \u00e0 jour ou pas depuis 7 ans n\u2019est peut-\u00eatre plus appropri\u00e9e. Comment pourriez -vous le savoir? il y a plus de 40 titres d\u2019habilitation!<\/p>\n\n\n\n<p>Vous appelez un centre de formation, il vous dit \u00ab\u00a0il vous faut quoi ?\u00a0\u00bb et vous r\u00e9pondez \u00ab\u00a0comme d\u2019habitude,\u00a0\u00bb<\/p>\n\n\n\n<p>Sauf que la s\u00e9curit\u00e9 \u00e9lectrique ne devrait pas se faire en version plat du jour. C\u2019est apr\u00e8s une vraie discussion entre humains qu\u2019on peut lier les t\u00e2ches quotidiennes avec son habilitation. C\u2019est ce qu\u2019exige la norme mais remplir un questionnaire que personne ne va analyser ne met pas en conformit\u00e9. C\u2019est le devoir du formateur de determiner la bonne habilitation<\/p>\n\n\n\n<h2 class=\"wp-block-heading\">Mes habilitations en basse tension:<\/h2>\n\n\n\n<ul class=\"wp-block-list\">\n<li><strong>B0<\/strong> (chef de chantier ou intervenant)<br><em>Interventions \u00e0 proximit\u00e9 d\u2019installations en basse tension pour travaux d\u2019ordre non \u00e9lectrique.<\/em><\/li>\n\n\n\n<li><strong>H0<\/strong><br><em>Interventions dans l\u2019environnement imm\u00e9diat des installations \u00e9lectriques, garantissant la s\u00e9curit\u00e9 lors de travaux \u00e9l\u00e9mentaires.<\/em><\/li>\n\n\n\n<li><strong>H0V<\/strong><br><em>Autorisation d\u2019effectuer certains travaux en pr\u00e9sence de tension, avec un accent sur la s\u00e9curit\u00e9 des interventions.<\/em><\/li>\n\n\n\n<li><strong>BS<\/strong><br><em>Habilitation d\u00e9di\u00e9e aux personnels intervenant sur des travaux de base sur installations \u00e9lectriques, en respectant les normes de s\u00e9curit\u00e9.<\/em><\/li>\n\n\n\n<li><strong>BR<\/strong><br><em>Acc\u00e8s et interventions sur des \u00e9quipements \u00e9lectriques sp\u00e9cifiques, avec un niveau de responsabilit\u00e9 accru.<\/em><br><\/li>\n\n\n\n<li><strong>BC<\/strong><br><em>Formation d\u00e9di\u00e9e aux travaux sur des installations n\u00e9cessitant une pr\u00e9caution particuli\u00e8re, permettant d\u2019assurer une intervention en toute s\u00e9curit\u00e9.<\/em><br><\/li>\n\n\n\n<li><strong>B1V<\/strong><br><em>Habilitation qui permet d\u2019intervenir sur des installations basse tension avec des risques sp\u00e9cifiques, n\u00e9cessitant un niveau de formation adapt\u00e9.<\/em><\/li>\n\n\n\n<li><strong>B2V<\/strong> ( et attributs)<br><em>Formation pour la r\u00e9alisation de travaux plus techniques sur des installations basse tension, adapt\u00e9e aux interventions n\u00e9cessitant des comp\u00e9tences approfondies.<\/em><\/li>\n\n\n\n<li><strong>BE<\/strong><br><em>Habilitation pour la manipulation, maintenance et intervention sur des installations \u00e9lectriques tout en garantissant la s\u00e9curit\u00e9 \u00e9lectrique globale.<\/em><\/li>\n<\/ul>\n\n\n\n<p>Et les attributs:<\/p>\n\n\n\n<ul class=\"wp-block-list\">\n<li><strong>Attributs:<\/strong>\n<ul class=\"wp-block-list\">\n<li><strong>Man\u0153uvre<\/strong><br><em>Autorisation pour effectuer des man\u0153uvres sur l\u2019installation \u00e9lectrique, indispensable pour la s\u00e9curisation et la pr\u00e9paration d\u2019intervention sur le terrain.<\/em><\/li>\n\n\n\n<li><strong>Essai<\/strong><br><em>Formation ax\u00e9e sur la r\u00e9alisation d\u2019essais et de contr\u00f4les (v\u00e9rifications, tests de conformit\u00e9) sur les installations \u00e9lectriques, afin d\u2019assurer leur bon fonctionnement et s\u00e9curit\u00e9.<\/em><\/li>\n\n\n\n<li><strong>V\u00e9rification<\/strong><br><em>Formation ax\u00e9e sur les v\u00e9rifications <\/em><\/li>\n\n\n\n<li><strong>Mesure<\/strong><\/li>\n<\/ul>\n<\/li>\n<\/ul>\n\n\n\n<blockquote class=\"wp-block-quote is-layout-flow wp-block-quote-is-layout-flow\">\n<p><em>\u00ab\u00a0Notre mission est de rendre les formations en habilitations \u00e9lectriques int\u00e9ressantes ludiques et pertinentes<\/em> en restant conformit\u00e9 avec les normes associ\u00e9es.\u00a0\u00bb<\/p>\n<\/blockquote>\n\n\n\n<p><\/p>\n","protected":false},"excerpt":{"rendered":"<p>Vous prenez toujours le m\u00eame plat au restau? Parfois oui, c\u2019est pertinent et familier. Qu\u2019est-ce qui se passe si le chef a chang\u00e9, s\u2019il fait plus chaud que d\u2019habitude? Vous regarder le menu parce que \u00e7a n\u2019est pas un jour \u00ab\u00a0confit de canard\u00a0\u00bb? Votre fiche de poste aussi change, votre m\u00e9tier, vos machines. L\u2019habilitation que [&hellip;]<\/p>\n","protected":false},"author":1,"featured_media":309,"parent":0,"menu_order":0,"comment_status":"closed","ping_status":"closed","template":"page-no-separators","meta":{"footnotes":""},"class_list":["post-32","page","type-page","status-publish","has-post-thumbnail","hentry"],"_links":{"self":[{"href":"https:\/\/empoweringformation.fr\/index.php\/wp-json\/wp\/v2\/pages\/32","targetHints":{"allow":["GET"]}}],"collection":[{"href":"https:\/\/empoweringformation.fr\/index.php\/wp-json\/wp\/v2\/pages"}],"about":[{"href":"https:\/\/empoweringformation.fr\/index.php\/wp-json\/wp\/v2\/types\/page"}],"author":[{"embeddable":true,"href":"https:\/\/empoweringformation.fr\/index.php\/wp-json\/wp\/v2\/users\/1"}],"replies":[{"embeddable":true,"href":"https:\/\/empoweringformation.fr\/index.php\/wp-json\/wp\/v2\/comments?post=32"}],"version-history":[{"count":6,"href":"https:\/\/empoweringformation.fr\/index.php\/wp-json\/wp\/v2\/pages\/32\/revisions"}],"predecessor-version":[{"id":335,"href":"https:\/\/empoweringformation.fr\/index.php\/wp-json\/wp\/v2\/pages\/32\/revisions\/335"}],"wp:featuredmedia":[{"embeddable":true,"href":"https:\/\/empoweringformation.fr\/index.php\/wp-json\/wp\/v2\/media\/309"}],"wp:attachment":[{"href":"https:\/\/empoweringformation.fr\/index.php\/wp-json\/wp\/v2\/media?parent=32"}],"curies":[{"name":"wp","href":"https:\/\/api.w.org\/{rel}","templated":true}]}}